{"id":10174,"date":"2025-01-16T10:48:08","date_gmt":"2025-01-16T13:48:08","guid":{"rendered":"http:\/\/www.cafefranciscano.com.br\/site\/?post_type=product&#038;p=10174"},"modified":"2025-09-23T15:40:54","modified_gmt":"2025-09-23T18:40:54","slug":"xicara-de-cafe-personalizada-80ml","status":"publish","type":"product","link":"https:\/\/www.cafefranciscano.com.br\/site\/product\/xicara-de-cafe-personalizada-80ml\/","title":{"rendered":"X\u00edcara de caf\u00e9 personalizada 80ml"},"content":{"rendered":"<p>Um lindo pires e x\u00edcara branca personalizada.<\/p>\n<p><strong>Capacidade: 80ml<\/strong><\/p>\n<p>X\u00edcaras Exclusivas Franciscano<\/p>\n<p>Tomar caf\u00e9 \u00e9 um ritual, e nossas x\u00edcaras tornam esse momento ainda mais especial.<\/p>\n<p>Conforto no uso, com formato pensado para valorizar a bebida.<\/p>\n<p>Beleza e identidade, trazendo a marca Franciscano para sua mesa.<\/p>\n<p>Durabilidade, feitas com material de alta qualidade para uso di\u00e1rio.<br \/>\nUm presente para voc\u00ea e para quem voc\u00ea gosta \u2014 porque caf\u00e9 bom merece ser servido com estilo.<\/p>\n","protected":false},"excerpt":{"rendered":"<p>Um lindo pires e x\u00edcara branca personalizada.<\/p>\n<p><strong>Capacidade: 80ml<\/strong><\/p>\n<p>X\u00edcaras Exclusivas Franciscano<\/p>\n<p>Tomar caf\u00e9 \u00e9 um ritual, e nossas x\u00edcaras tornam esse momento ainda mais especial.<\/p>\n<p>Conforto no uso, com formato pensado para valorizar a bebida.<\/p>\n<p>Beleza e identidade, trazendo a marca Franciscano para sua mesa.<\/p>\n<p>Durabilidade, feitas com material de alta qualidade para uso di\u00e1rio.<br \/>\nUm presente para voc\u00ea e para quem voc\u00ea gosta \u2014 porque caf\u00e9 bom merece ser servido com estilo.<\/p>\n","protected":false},"featured_media":10334,"comment_status":"open","ping_status":"closed","template":"","meta":{"_monsterinsights_skip_tracking":false,"_monsterinsights_sitenote_active":false,"_monsterinsights_sitenote_note":"","_monsterinsights_sitenote_category":0},"product_brand":[],"product_cat":[93],"product_tag":[],"class_list":{"0":"post-10174","1":"product","2":"type-product","3":"status-publish","4":"has-post-thumbnail","6":"product_cat-xicaras","9":"first","10":"onbackorder","11":"shipping-taxable","12":"purchasable","13":"product-type-simple"},"yoast_head":"<!-- This site is optimized with the Yoast SEO plugin v22.4 - https:\/\/yoast.com\/wordpress\/plugins\/seo\/ -->\n<title>X\u00edcara de caf\u00e9 personalizada 80ml - Caf\u00e9 Franciscano<\/title>\n<meta name=\"description\" content=\"Na Ind\u00fastria de Caf\u00e9 Franciscano, tradi\u00e7\u00e3o e qualidade caminham juntas para levar at\u00e9 voc\u00ea um caf\u00e9 especial, feito a partir da combina\u00e7\u00e3o cuidadosa de gr\u00e3os ar\u00e1bica e conilon, que garantem sabor marcante, aroma envolvente e uma experi\u00eancia \u00fanica em cada x\u00edcara.\" \/>\n<meta name=\"robots\" content=\"index, follow, max-snippet:-1, max-image-preview:large, max-video-preview:-1\" \/>\n<link rel=\"canonical\" href=\"https:\/\/www.cafefranciscano.com.br\/site\/product\/xicara-de-cafe-personalizada-80ml\/\" \/>\n<meta property=\"og:locale\" content=\"pt_BR\" \/>\n<meta property=\"og:type\" content=\"article\" \/>\n<meta property=\"og:title\" content=\"X\u00edcara de caf\u00e9 personalizada 80ml - Caf\u00e9 Franciscano\" \/>\n<meta property=\"og:description\" content=\"Na Ind\u00fastria de Caf\u00e9 Franciscano, tradi\u00e7\u00e3o e qualidade caminham juntas para levar at\u00e9 voc\u00ea um caf\u00e9 especial, feito a partir da combina\u00e7\u00e3o cuidadosa de gr\u00e3os ar\u00e1bica e conilon, que garantem sabor marcante, aroma envolvente e uma experi\u00eancia \u00fanica em cada x\u00edcara.\" \/>\n<meta property=\"og:url\" content=\"https:\/\/www.cafefranciscano.com.br\/site\/product\/xicara-de-cafe-personalizada-80ml\/\" \/>\n<meta property=\"og:site_name\" content=\"Caf\u00e9 Franciscano\" \/>\n<meta property=\"article:modified_time\" content=\"2025-09-23T18:40:54+00:00\" \/>\n<meta property=\"og:image\" content=\"https:\/\/www.cafefranciscano.com.br\/site\/wp-content\/uploads\/2025\/01\/XICARA-DE-CAFE.jpeg\" \/>\n\t<meta property=\"og:image:width\" content=\"900\" \/>\n\t<meta property=\"og:image:height\" content=\"1600\" \/>\n\t<meta property=\"og:image:type\" content=\"image\/jpeg\" \/>\n<meta name=\"twitter:card\" content=\"summary_large_image\" \/>\n<meta name=\"twitter:label1\" content=\"Est. tempo de leitura\" \/>\n\t<meta name=\"twitter:data1\" content=\"1 minuto\" \/>\n<script type=\"application\/ld+json\" class=\"yoast-schema-graph\">{\"@context\":\"https:\/\/schema.org\",\"@graph\":[{\"@type\":\"WebPage\",\"@id\":\"https:\/\/www.cafefranciscano.com.br\/site\/product\/xicara-de-cafe-personalizada-80ml\/\",\"url\":\"https:\/\/www.cafefranciscano.com.br\/site\/product\/xicara-de-cafe-personalizada-80ml\/\",\"name\":\"X\u00edcara de caf\u00e9 personalizada 80ml - Caf\u00e9 Franciscano\",\"isPartOf\":{\"@id\":\"https:\/\/www.cafefranciscano.com.br\/site\/#website\"},\"primaryImageOfPage\":{\"@id\":\"https:\/\/www.cafefranciscano.com.br\/site\/product\/xicara-de-cafe-personalizada-80ml\/#primaryimage\"},\"image\":{\"@id\":\"https:\/\/www.cafefranciscano.com.br\/site\/product\/xicara-de-cafe-personalizada-80ml\/#primaryimage\"},\"thumbnailUrl\":\"https:\/\/www.cafefranciscano.com.br\/site\/wp-content\/uploads\/2025\/01\/XICARA-DE-CAFE.jpeg\",\"datePublished\":\"2025-01-16T13:48:08+00:00\",\"dateModified\":\"2025-09-23T18:40:54+00:00\",\"description\":\"Na Ind\u00fastria de Caf\u00e9 Franciscano, tradi\u00e7\u00e3o e qualidade caminham juntas para levar at\u00e9 voc\u00ea um caf\u00e9 especial, feito a partir da combina\u00e7\u00e3o cuidadosa de gr\u00e3os ar\u00e1bica e conilon, que garantem sabor marcante, aroma envolvente e uma experi\u00eancia \u00fanica em cada x\u00edcara.\",\"breadcrumb\":{\"@id\":\"https:\/\/www.cafefranciscano.com.br\/site\/product\/xicara-de-cafe-personalizada-80ml\/#breadcrumb\"},\"inLanguage\":\"pt-BR\",\"potentialAction\":[{\"@type\":\"ReadAction\",\"target\":[\"https:\/\/www.cafefranciscano.com.br\/site\/product\/xicara-de-cafe-personalizada-80ml\/\"]}]},{\"@type\":\"ImageObject\",\"inLanguage\":\"pt-BR\",\"@id\":\"https:\/\/www.cafefranciscano.com.br\/site\/product\/xicara-de-cafe-personalizada-80ml\/#primaryimage\",\"url\":\"https:\/\/www.cafefranciscano.com.br\/site\/wp-content\/uploads\/2025\/01\/XICARA-DE-CAFE.jpeg\",\"contentUrl\":\"https:\/\/www.cafefranciscano.com.br\/site\/wp-content\/uploads\/2025\/01\/XICARA-DE-CAFE.jpeg\",\"width\":900,\"height\":1600},{\"@type\":\"BreadcrumbList\",\"@id\":\"https:\/\/www.cafefranciscano.com.br\/site\/product\/xicara-de-cafe-personalizada-80ml\/#breadcrumb\",\"itemListElement\":[{\"@type\":\"ListItem\",\"position\":1,\"name\":\"Home\",\"item\":\"https:\/\/www.cafefranciscano.com.br\/site\/\"},{\"@type\":\"ListItem\",\"position\":2,\"name\":\"Produtos\",\"item\":\"https:\/\/www.cafefranciscano.com.br\/site\/loja\/\"},{\"@type\":\"ListItem\",\"position\":3,\"name\":\"X\u00edcara de caf\u00e9 personalizada 80ml\"}]},{\"@type\":\"WebSite\",\"@id\":\"https:\/\/www.cafefranciscano.com.br\/site\/#website\",\"url\":\"https:\/\/www.cafefranciscano.com.br\/site\/\",\"name\":\"Caf\u00e9 Franciscano\",\"description\":\"\",\"potentialAction\":[{\"@type\":\"SearchAction\",\"target\":{\"@type\":\"EntryPoint\",\"urlTemplate\":\"https:\/\/www.cafefranciscano.com.br\/site\/?s={search_term_string}\"},\"query-input\":\"required name=search_term_string\"}],\"inLanguage\":\"pt-BR\"}]}<\/script>\n<!-- \/ Yoast SEO plugin. -->","yoast_head_json":{"title":"X\u00edcara de caf\u00e9 personalizada 80ml - Caf\u00e9 Franciscano","description":"Na Ind\u00fastria de Caf\u00e9 Franciscano, tradi\u00e7\u00e3o e qualidade caminham juntas para levar at\u00e9 voc\u00ea um caf\u00e9 especial, feito a partir da combina\u00e7\u00e3o cuidadosa de gr\u00e3os ar\u00e1bica e conilon, que garantem sabor marcante, aroma envolvente e uma experi\u00eancia \u00fanica em cada x\u00edcara.","robots":{"index":"index","follow":"follow","max-snippet":"max-snippet:-1","max-image-preview":"max-image-preview:large","max-video-preview":"max-video-preview:-1"},"canonical":"https:\/\/www.cafefranciscano.com.br\/site\/product\/xicara-de-cafe-personalizada-80ml\/","og_locale":"pt_BR","og_type":"article","og_title":"X\u00edcara de caf\u00e9 personalizada 80ml - Caf\u00e9 Franciscano","og_description":"Na Ind\u00fastria de Caf\u00e9 Franciscano, tradi\u00e7\u00e3o e qualidade caminham juntas para levar at\u00e9 voc\u00ea um caf\u00e9 especial, feito a partir da combina\u00e7\u00e3o cuidadosa de gr\u00e3os ar\u00e1bica e conilon, que garantem sabor marcante, aroma envolvente e uma experi\u00eancia \u00fanica em cada x\u00edcara.","og_url":"https:\/\/www.cafefranciscano.com.br\/site\/product\/xicara-de-cafe-personalizada-80ml\/","og_site_name":"Caf\u00e9 Franciscano","article_modified_time":"2025-09-23T18:40:54+00:00","og_image":[{"width":900,"height":1600,"url":"https:\/\/www.cafefranciscano.com.br\/site\/wp-content\/uploads\/2025\/01\/XICARA-DE-CAFE.jpeg","type":"image\/jpeg"}],"twitter_card":"summary_large_image","twitter_misc":{"Est. tempo de leitura":"1 minuto"},"schema":{"@context":"https:\/\/schema.org","@graph":[{"@type":"WebPage","@id":"https:\/\/www.cafefranciscano.com.br\/site\/product\/xicara-de-cafe-personalizada-80ml\/","url":"https:\/\/www.cafefranciscano.com.br\/site\/product\/xicara-de-cafe-personalizada-80ml\/","name":"X\u00edcara de caf\u00e9 personalizada 80ml - Caf\u00e9 Franciscano","isPartOf":{"@id":"https:\/\/www.cafefranciscano.com.br\/site\/#website"},"primaryImageOfPage":{"@id":"https:\/\/www.cafefranciscano.com.br\/site\/product\/xicara-de-cafe-personalizada-80ml\/#primaryimage"},"image":{"@id":"https:\/\/www.cafefranciscano.com.br\/site\/product\/xicara-de-cafe-personalizada-80ml\/#primaryimage"},"thumbnailUrl":"https:\/\/www.cafefranciscano.com.br\/site\/wp-content\/uploads\/2025\/01\/XICARA-DE-CAFE.jpeg","datePublished":"2025-01-16T13:48:08+00:00","dateModified":"2025-09-23T18:40:54+00:00","description":"Na Ind\u00fastria de Caf\u00e9 Franciscano, tradi\u00e7\u00e3o e qualidade caminham juntas para levar at\u00e9 voc\u00ea um caf\u00e9 especial, feito a partir da combina\u00e7\u00e3o cuidadosa de gr\u00e3os ar\u00e1bica e conilon, que garantem sabor marcante, aroma envolvente e uma experi\u00eancia \u00fanica em cada x\u00edcara.","breadcrumb":{"@id":"https:\/\/www.cafefranciscano.com.br\/site\/product\/xicara-de-cafe-personalizada-80ml\/#breadcrumb"},"inLanguage":"pt-BR","potentialAction":[{"@type":"ReadAction","target":["https:\/\/www.cafefranciscano.com.br\/site\/product\/xicara-de-cafe-personalizada-80ml\/"]}]},{"@type":"ImageObject","inLanguage":"pt-BR","@id":"https:\/\/www.cafefranciscano.com.br\/site\/product\/xicara-de-cafe-personalizada-80ml\/#primaryimage","url":"https:\/\/www.cafefranciscano.com.br\/site\/wp-content\/uploads\/2025\/01\/XICARA-DE-CAFE.jpeg","contentUrl":"https:\/\/www.cafefranciscano.com.br\/site\/wp-content\/uploads\/2025\/01\/XICARA-DE-CAFE.jpeg","width":900,"height":1600},{"@type":"BreadcrumbList","@id":"https:\/\/www.cafefranciscano.com.br\/site\/product\/xicara-de-cafe-personalizada-80ml\/#breadcrumb","itemListElement":[{"@type":"ListItem","position":1,"name":"Home","item":"https:\/\/www.cafefranciscano.com.br\/site\/"},{"@type":"ListItem","position":2,"name":"Produtos","item":"https:\/\/www.cafefranciscano.com.br\/site\/loja\/"},{"@type":"ListItem","position":3,"name":"X\u00edcara de caf\u00e9 personalizada 80ml"}]},{"@type":"WebSite","@id":"https:\/\/www.cafefranciscano.com.br\/site\/#website","url":"https:\/\/www.cafefranciscano.com.br\/site\/","name":"Caf\u00e9 Franciscano","description":"","potentialAction":[{"@type":"SearchAction","target":{"@type":"EntryPoint","urlTemplate":"https:\/\/www.cafefranciscano.com.br\/site\/?s={search_term_string}"},"query-input":"required name=search_term_string"}],"inLanguage":"pt-BR"}]}},"_links":{"self":[{"href":"https:\/\/www.cafefranciscano.com.br\/site\/wp-json\/wp\/v2\/product\/10174","targetHints":{"allow":["GET"]}}],"collection":[{"href":"https:\/\/www.cafefranciscano.com.br\/site\/wp-json\/wp\/v2\/product"}],"about":[{"href":"https:\/\/www.cafefranciscano.com.br\/site\/wp-json\/wp\/v2\/types\/product"}],"replies":[{"embeddable":true,"href":"https:\/\/www.cafefranciscano.com.br\/site\/wp-json\/wp\/v2\/comments?post=10174"}],"wp:featuredmedia":[{"embeddable":true,"href":"https:\/\/www.cafefranciscano.com.br\/site\/wp-json\/wp\/v2\/media\/10334"}],"wp:attachment":[{"href":"https:\/\/www.cafefranciscano.com.br\/site\/wp-json\/wp\/v2\/media?parent=10174"}],"wp:term":[{"taxonomy":"product_brand","embeddable":true,"href":"https:\/\/www.cafefranciscano.com.br\/site\/wp-json\/wp\/v2\/product_brand?post=10174"},{"taxonomy":"product_cat","embeddable":true,"href":"https:\/\/www.cafefranciscano.com.br\/site\/wp-json\/wp\/v2\/product_cat?post=10174"},{"taxonomy":"product_tag","embeddable":true,"href":"https:\/\/www.cafefranciscano.com.br\/site\/wp-json\/wp\/v2\/product_tag?post=10174"}],"curies":[{"name":"wp","href":"https:\/\/api.w.org\/{rel}","templated":true}]}}