{"id":10169,"date":"2025-01-15T18:09:19","date_gmt":"2025-01-15T21:09:19","guid":{"rendered":"http:\/\/www.cafefranciscano.com.br\/site\/?post_type=product&#038;p=10169"},"modified":"2025-09-23T15:27:01","modified_gmt":"2025-09-23T18:27:01","slug":"garrafa-de-cafe-1l","status":"publish","type":"product","link":"https:\/\/www.cafefranciscano.com.br\/site\/product\/garrafa-de-cafe-1l\/","title":{"rendered":"Garrafa de caf\u00e9 1L Marca Termolar"},"content":{"rendered":"<p>Garrafa T\u00e9rmica Franciscano<br \/>\nMais do que praticidade, a nossa garrafa t\u00e9rmica mant\u00e9m o caf\u00e9 na temperatura ideal por muito mais tempo, preservando sabor e aroma.<\/p>\n<p>Design elegante e resistente, ideal para casa, trabalho ou com\u00e9rcio.<\/p>\n<p>Conserva a bebida quente por horas, garantindo caf\u00e9 fresco a qualquer momento.<\/p>\n<p>Durabilidade e economia, feita para acompanhar sua rotina di\u00e1ria.<br \/>\nQuem experimenta, n\u00e3o troca: \u00e9 a parceira perfeita para quem n\u00e3o abre m\u00e3o de caf\u00e9 sempre quentinho.<\/p>\n<p>A garrafa de Caf\u00e9 Franciscano \u00e9 preta personalizada com capacidade de 1 L, bomba de press\u00e3o e ampola de vidro.<\/p>\n","protected":false},"excerpt":{"rendered":"<p>A garrafa de Caf\u00e9 Franciscano \u00e9 preta personalizada com capacidade de 1 L, bomba de press\u00e3o e ampola de vidro.<\/p>\n","protected":false},"featured_media":10171,"comment_status":"open","ping_status":"closed","template":"","meta":{"_monsterinsights_skip_tracking":false,"_monsterinsights_sitenote_active":false,"_monsterinsights_sitenote_note":"","_monsterinsights_sitenote_category":0},"product_brand":[],"product_cat":[53],"product_tag":[102],"class_list":{"0":"post-10169","1":"product","2":"type-product","3":"status-publish","4":"has-post-thumbnail","6":"product_cat-garrafa","7":"product_tag-garrafa-termica","10":"first","11":"instock","12":"shipping-taxable","13":"purchasable","14":"product-type-simple"},"yoast_head":"<!-- This site is optimized with the Yoast SEO plugin v22.4 - https:\/\/yoast.com\/wordpress\/plugins\/seo\/ -->\n<title>Garrafa de caf\u00e9 1L Marca Termolar - Caf\u00e9 Franciscano<\/title>\n<meta name=\"description\" content=\"Na Ind\u00fastria de Caf\u00e9 Franciscano, tradi\u00e7\u00e3o e qualidade caminham juntas para levar at\u00e9 voc\u00ea um caf\u00e9 especial, feito a partir da combina\u00e7\u00e3o cuidadosa de gr\u00e3os ar\u00e1bica e conilon, que garantem sabor marcante, aroma envolvente e uma experi\u00eancia \u00fanica em cada x\u00edcara.\" \/>\n<meta name=\"robots\" content=\"index, follow, max-snippet:-1, max-image-preview:large, max-video-preview:-1\" \/>\n<link rel=\"canonical\" href=\"https:\/\/www.cafefranciscano.com.br\/site\/product\/garrafa-de-cafe-1l\/\" \/>\n<meta property=\"og:locale\" content=\"pt_BR\" \/>\n<meta property=\"og:type\" content=\"article\" \/>\n<meta property=\"og:title\" content=\"Garrafa de caf\u00e9 1L Marca Termolar - Caf\u00e9 Franciscano\" \/>\n<meta property=\"og:description\" content=\"Na Ind\u00fastria de Caf\u00e9 Franciscano, tradi\u00e7\u00e3o e qualidade caminham juntas para levar at\u00e9 voc\u00ea um caf\u00e9 especial, feito a partir da combina\u00e7\u00e3o cuidadosa de gr\u00e3os ar\u00e1bica e conilon, que garantem sabor marcante, aroma envolvente e uma experi\u00eancia \u00fanica em cada x\u00edcara.\" \/>\n<meta property=\"og:url\" content=\"https:\/\/www.cafefranciscano.com.br\/site\/product\/garrafa-de-cafe-1l\/\" \/>\n<meta property=\"og:site_name\" content=\"Caf\u00e9 Franciscano\" \/>\n<meta property=\"article:modified_time\" content=\"2025-09-23T18:27:01+00:00\" \/>\n<meta property=\"og:image\" content=\"https:\/\/www.cafefranciscano.com.br\/site\/wp-content\/uploads\/2025\/01\/6-Garrafa-de-cafe.jpeg\" \/>\n\t<meta property=\"og:image:width\" content=\"1800\" \/>\n\t<meta property=\"og:image:height\" content=\"2400\" \/>\n\t<meta property=\"og:image:type\" content=\"image\/jpeg\" \/>\n<meta name=\"twitter:card\" content=\"summary_large_image\" \/>\n<meta name=\"twitter:label1\" content=\"Est. tempo de leitura\" \/>\n\t<meta name=\"twitter:data1\" content=\"1 minuto\" \/>\n<script type=\"application\/ld+json\" class=\"yoast-schema-graph\">{\"@context\":\"https:\/\/schema.org\",\"@graph\":[{\"@type\":\"WebPage\",\"@id\":\"https:\/\/www.cafefranciscano.com.br\/site\/product\/garrafa-de-cafe-1l\/\",\"url\":\"https:\/\/www.cafefranciscano.com.br\/site\/product\/garrafa-de-cafe-1l\/\",\"name\":\"Garrafa de caf\u00e9 1L Marca Termolar - Caf\u00e9 Franciscano\",\"isPartOf\":{\"@id\":\"https:\/\/www.cafefranciscano.com.br\/site\/#website\"},\"primaryImageOfPage\":{\"@id\":\"https:\/\/www.cafefranciscano.com.br\/site\/product\/garrafa-de-cafe-1l\/#primaryimage\"},\"image\":{\"@id\":\"https:\/\/www.cafefranciscano.com.br\/site\/product\/garrafa-de-cafe-1l\/#primaryimage\"},\"thumbnailUrl\":\"https:\/\/www.cafefranciscano.com.br\/site\/wp-content\/uploads\/2025\/01\/6-Garrafa-de-cafe.jpeg\",\"datePublished\":\"2025-01-15T21:09:19+00:00\",\"dateModified\":\"2025-09-23T18:27:01+00:00\",\"description\":\"Na Ind\u00fastria de Caf\u00e9 Franciscano, tradi\u00e7\u00e3o e qualidade caminham juntas para levar at\u00e9 voc\u00ea um caf\u00e9 especial, feito a partir da combina\u00e7\u00e3o cuidadosa de gr\u00e3os ar\u00e1bica e conilon, que garantem sabor marcante, aroma envolvente e uma experi\u00eancia \u00fanica em cada x\u00edcara.\",\"breadcrumb\":{\"@id\":\"https:\/\/www.cafefranciscano.com.br\/site\/product\/garrafa-de-cafe-1l\/#breadcrumb\"},\"inLanguage\":\"pt-BR\",\"potentialAction\":[{\"@type\":\"ReadAction\",\"target\":[\"https:\/\/www.cafefranciscano.com.br\/site\/product\/garrafa-de-cafe-1l\/\"]}]},{\"@type\":\"ImageObject\",\"inLanguage\":\"pt-BR\",\"@id\":\"https:\/\/www.cafefranciscano.com.br\/site\/product\/garrafa-de-cafe-1l\/#primaryimage\",\"url\":\"https:\/\/www.cafefranciscano.com.br\/site\/wp-content\/uploads\/2025\/01\/6-Garrafa-de-cafe.jpeg\",\"contentUrl\":\"https:\/\/www.cafefranciscano.com.br\/site\/wp-content\/uploads\/2025\/01\/6-Garrafa-de-cafe.jpeg\",\"width\":1800,\"height\":2400},{\"@type\":\"BreadcrumbList\",\"@id\":\"https:\/\/www.cafefranciscano.com.br\/site\/product\/garrafa-de-cafe-1l\/#breadcrumb\",\"itemListElement\":[{\"@type\":\"ListItem\",\"position\":1,\"name\":\"Home\",\"item\":\"https:\/\/www.cafefranciscano.com.br\/site\/\"},{\"@type\":\"ListItem\",\"position\":2,\"name\":\"Produtos\",\"item\":\"https:\/\/www.cafefranciscano.com.br\/site\/loja\/\"},{\"@type\":\"ListItem\",\"position\":3,\"name\":\"Garrafa de caf\u00e9 1L Marca Termolar\"}]},{\"@type\":\"WebSite\",\"@id\":\"https:\/\/www.cafefranciscano.com.br\/site\/#website\",\"url\":\"https:\/\/www.cafefranciscano.com.br\/site\/\",\"name\":\"Caf\u00e9 Franciscano\",\"description\":\"\",\"potentialAction\":[{\"@type\":\"SearchAction\",\"target\":{\"@type\":\"EntryPoint\",\"urlTemplate\":\"https:\/\/www.cafefranciscano.com.br\/site\/?s={search_term_string}\"},\"query-input\":\"required name=search_term_string\"}],\"inLanguage\":\"pt-BR\"}]}<\/script>\n<!-- \/ Yoast SEO plugin. -->","yoast_head_json":{"title":"Garrafa de caf\u00e9 1L Marca Termolar - Caf\u00e9 Franciscano","description":"Na Ind\u00fastria de Caf\u00e9 Franciscano, tradi\u00e7\u00e3o e qualidade caminham juntas para levar at\u00e9 voc\u00ea um caf\u00e9 especial, feito a partir da combina\u00e7\u00e3o cuidadosa de gr\u00e3os ar\u00e1bica e conilon, que garantem sabor marcante, aroma envolvente e uma experi\u00eancia \u00fanica em cada x\u00edcara.","robots":{"index":"index","follow":"follow","max-snippet":"max-snippet:-1","max-image-preview":"max-image-preview:large","max-video-preview":"max-video-preview:-1"},"canonical":"https:\/\/www.cafefranciscano.com.br\/site\/product\/garrafa-de-cafe-1l\/","og_locale":"pt_BR","og_type":"article","og_title":"Garrafa de caf\u00e9 1L Marca Termolar - Caf\u00e9 Franciscano","og_description":"Na Ind\u00fastria de Caf\u00e9 Franciscano, tradi\u00e7\u00e3o e qualidade caminham juntas para levar at\u00e9 voc\u00ea um caf\u00e9 especial, feito a partir da combina\u00e7\u00e3o cuidadosa de gr\u00e3os ar\u00e1bica e conilon, que garantem sabor marcante, aroma envolvente e uma experi\u00eancia \u00fanica em cada x\u00edcara.","og_url":"https:\/\/www.cafefranciscano.com.br\/site\/product\/garrafa-de-cafe-1l\/","og_site_name":"Caf\u00e9 Franciscano","article_modified_time":"2025-09-23T18:27:01+00:00","og_image":[{"width":1800,"height":2400,"url":"https:\/\/www.cafefranciscano.com.br\/site\/wp-content\/uploads\/2025\/01\/6-Garrafa-de-cafe.jpeg","type":"image\/jpeg"}],"twitter_card":"summary_large_image","twitter_misc":{"Est. tempo de leitura":"1 minuto"},"schema":{"@context":"https:\/\/schema.org","@graph":[{"@type":"WebPage","@id":"https:\/\/www.cafefranciscano.com.br\/site\/product\/garrafa-de-cafe-1l\/","url":"https:\/\/www.cafefranciscano.com.br\/site\/product\/garrafa-de-cafe-1l\/","name":"Garrafa de caf\u00e9 1L Marca Termolar - Caf\u00e9 Franciscano","isPartOf":{"@id":"https:\/\/www.cafefranciscano.com.br\/site\/#website"},"primaryImageOfPage":{"@id":"https:\/\/www.cafefranciscano.com.br\/site\/product\/garrafa-de-cafe-1l\/#primaryimage"},"image":{"@id":"https:\/\/www.cafefranciscano.com.br\/site\/product\/garrafa-de-cafe-1l\/#primaryimage"},"thumbnailUrl":"https:\/\/www.cafefranciscano.com.br\/site\/wp-content\/uploads\/2025\/01\/6-Garrafa-de-cafe.jpeg","datePublished":"2025-01-15T21:09:19+00:00","dateModified":"2025-09-23T18:27:01+00:00","description":"Na Ind\u00fastria de Caf\u00e9 Franciscano, tradi\u00e7\u00e3o e qualidade caminham juntas para levar at\u00e9 voc\u00ea um caf\u00e9 especial, feito a partir da combina\u00e7\u00e3o cuidadosa de gr\u00e3os ar\u00e1bica e conilon, que garantem sabor marcante, aroma envolvente e uma experi\u00eancia \u00fanica em cada x\u00edcara.","breadcrumb":{"@id":"https:\/\/www.cafefranciscano.com.br\/site\/product\/garrafa-de-cafe-1l\/#breadcrumb"},"inLanguage":"pt-BR","potentialAction":[{"@type":"ReadAction","target":["https:\/\/www.cafefranciscano.com.br\/site\/product\/garrafa-de-cafe-1l\/"]}]},{"@type":"ImageObject","inLanguage":"pt-BR","@id":"https:\/\/www.cafefranciscano.com.br\/site\/product\/garrafa-de-cafe-1l\/#primaryimage","url":"https:\/\/www.cafefranciscano.com.br\/site\/wp-content\/uploads\/2025\/01\/6-Garrafa-de-cafe.jpeg","contentUrl":"https:\/\/www.cafefranciscano.com.br\/site\/wp-content\/uploads\/2025\/01\/6-Garrafa-de-cafe.jpeg","width":1800,"height":2400},{"@type":"BreadcrumbList","@id":"https:\/\/www.cafefranciscano.com.br\/site\/product\/garrafa-de-cafe-1l\/#breadcrumb","itemListElement":[{"@type":"ListItem","position":1,"name":"Home","item":"https:\/\/www.cafefranciscano.com.br\/site\/"},{"@type":"ListItem","position":2,"name":"Produtos","item":"https:\/\/www.cafefranciscano.com.br\/site\/loja\/"},{"@type":"ListItem","position":3,"name":"Garrafa de caf\u00e9 1L Marca Termolar"}]},{"@type":"WebSite","@id":"https:\/\/www.cafefranciscano.com.br\/site\/#website","url":"https:\/\/www.cafefranciscano.com.br\/site\/","name":"Caf\u00e9 Franciscano","description":"","potentialAction":[{"@type":"SearchAction","target":{"@type":"EntryPoint","urlTemplate":"https:\/\/www.cafefranciscano.com.br\/site\/?s={search_term_string}"},"query-input":"required name=search_term_string"}],"inLanguage":"pt-BR"}]}},"_links":{"self":[{"href":"https:\/\/www.cafefranciscano.com.br\/site\/wp-json\/wp\/v2\/product\/10169","targetHints":{"allow":["GET"]}}],"collection":[{"href":"https:\/\/www.cafefranciscano.com.br\/site\/wp-json\/wp\/v2\/product"}],"about":[{"href":"https:\/\/www.cafefranciscano.com.br\/site\/wp-json\/wp\/v2\/types\/product"}],"replies":[{"embeddable":true,"href":"https:\/\/www.cafefranciscano.com.br\/site\/wp-json\/wp\/v2\/comments?post=10169"}],"wp:featuredmedia":[{"embeddable":true,"href":"https:\/\/www.cafefranciscano.com.br\/site\/wp-json\/wp\/v2\/media\/10171"}],"wp:attachment":[{"href":"https:\/\/www.cafefranciscano.com.br\/site\/wp-json\/wp\/v2\/media?parent=10169"}],"wp:term":[{"taxonomy":"product_brand","embeddable":true,"href":"https:\/\/www.cafefranciscano.com.br\/site\/wp-json\/wp\/v2\/product_brand?post=10169"},{"taxonomy":"product_cat","embeddable":true,"href":"https:\/\/www.cafefranciscano.com.br\/site\/wp-json\/wp\/v2\/product_cat?post=10169"},{"taxonomy":"product_tag","embeddable":true,"href":"https:\/\/www.cafefranciscano.com.br\/site\/wp-json\/wp\/v2\/product_tag?post=10169"}],"curies":[{"name":"wp","href":"https:\/\/api.w.org\/{rel}","templated":true}]}}