{"id":10162,"date":"2025-01-15T18:01:54","date_gmt":"2025-01-15T21:01:54","guid":{"rendered":"http:\/\/www.cafefranciscano.com.br\/site\/?post_type=product&#038;p=10162"},"modified":"2026-04-09T16:15:29","modified_gmt":"2026-04-09T19:15:29","slug":"cafe-franciscano-vacuo-500g","status":"publish","type":"product","link":"https:\/\/www.cafefranciscano.com.br\/site\/product\/cafe-franciscano-vacuo-500g\/","title":{"rendered":"Caf\u00e9 Franciscano V\u00e1cuo 500g"},"content":{"rendered":"<p>Caf\u00e9 Franciscano Tradicional<br \/>\nDispon\u00edvel em embalagens de 250g e 500g, \u00e9 o blend que traz equil\u00edbrio entre suavidade e intensidade. Um caf\u00e9 cl\u00e1ssico, ideal para o dia a dia, com o sabor que representa a nossa hist\u00f3ria.<\/p>\n<p>\u00c9 um produto com certifica\u00e7\u00e3o de qualidade ABIC e registro no MAPA. Apresenta moagem fina, torra escura resultando em uma bebida de sabor marcante, encorpada e intensa.<\/p>\n","protected":false},"excerpt":{"rendered":"<p>Dispon\u00edvel em embalagens de 500g, \u00e9 o blend que traz equil\u00edbrio entre suavidade e intensidade. Um caf\u00e9 cl\u00e1ssico, ideal para o dia a dia, com o sabor que representa a nossa hist\u00f3ria.<\/p>\n","protected":false},"featured_media":10163,"comment_status":"open","ping_status":"closed","template":"","meta":{"_monsterinsights_skip_tracking":false,"_monsterinsights_sitenote_active":false,"_monsterinsights_sitenote_note":"","_monsterinsights_sitenote_category":0},"product_brand":[],"product_cat":[96],"product_tag":[101,100],"class_list":{"0":"post-10162","1":"product","2":"type-product","3":"status-publish","4":"has-post-thumbnail","6":"product_cat-cafe","7":"product_tag-arabica","8":"product_tag-cafe-certificado","11":"first","12":"instock","13":"shipping-taxable","14":"purchasable","15":"product-type-simple"},"yoast_head":"<!-- This site is optimized with the Yoast SEO plugin v22.4 - https:\/\/yoast.com\/wordpress\/plugins\/seo\/ -->\n<title>Caf\u00e9 Franciscano V\u00e1cuo 500g - Caf\u00e9 Franciscano<\/title>\n<meta name=\"description\" content=\"Na Ind\u00fastria de Caf\u00e9 Franciscano, tradi\u00e7\u00e3o e qualidade caminham juntas para levar at\u00e9 voc\u00ea um caf\u00e9 especial, feito a partir da combina\u00e7\u00e3o cuidadosa de gr\u00e3os ar\u00e1bica e conilon, que garantem sabor marcante, aroma envolvente e uma experi\u00eancia \u00fanica em cada x\u00edcara.\" \/>\n<meta name=\"robots\" content=\"index, follow, max-snippet:-1, max-image-preview:large, max-video-preview:-1\" \/>\n<link rel=\"canonical\" href=\"https:\/\/www.cafefranciscano.com.br\/site\/product\/cafe-franciscano-vacuo-500g\/\" \/>\n<meta property=\"og:locale\" content=\"pt_BR\" \/>\n<meta property=\"og:type\" content=\"article\" \/>\n<meta property=\"og:title\" content=\"Caf\u00e9 Franciscano V\u00e1cuo 500g - Caf\u00e9 Franciscano\" \/>\n<meta property=\"og:description\" content=\"Na Ind\u00fastria de Caf\u00e9 Franciscano, tradi\u00e7\u00e3o e qualidade caminham juntas para levar at\u00e9 voc\u00ea um caf\u00e9 especial, feito a partir da combina\u00e7\u00e3o cuidadosa de gr\u00e3os ar\u00e1bica e conilon, que garantem sabor marcante, aroma envolvente e uma experi\u00eancia \u00fanica em cada x\u00edcara.\" \/>\n<meta property=\"og:url\" content=\"https:\/\/www.cafefranciscano.com.br\/site\/product\/cafe-franciscano-vacuo-500g\/\" \/>\n<meta property=\"og:site_name\" content=\"Caf\u00e9 Franciscano\" \/>\n<meta property=\"article:modified_time\" content=\"2026-04-09T19:15:29+00:00\" \/>\n<meta property=\"og:image\" content=\"https:\/\/www.cafefranciscano.com.br\/site\/wp-content\/uploads\/2025\/01\/3-Cafe-Franciscano-vacuo.jpeg\" \/>\n\t<meta property=\"og:image:width\" content=\"1080\" \/>\n\t<meta property=\"og:image:height\" content=\"1080\" \/>\n\t<meta property=\"og:image:type\" content=\"image\/jpeg\" \/>\n<meta name=\"twitter:card\" content=\"summary_large_image\" \/>\n<meta name=\"twitter:label1\" content=\"Est. tempo de leitura\" \/>\n\t<meta name=\"twitter:data1\" content=\"1 minuto\" \/>\n<script type=\"application\/ld+json\" class=\"yoast-schema-graph\">{\"@context\":\"https:\/\/schema.org\",\"@graph\":[{\"@type\":\"WebPage\",\"@id\":\"https:\/\/www.cafefranciscano.com.br\/site\/product\/cafe-franciscano-vacuo-500g\/\",\"url\":\"https:\/\/www.cafefranciscano.com.br\/site\/product\/cafe-franciscano-vacuo-500g\/\",\"name\":\"Caf\u00e9 Franciscano V\u00e1cuo 500g - Caf\u00e9 Franciscano\",\"isPartOf\":{\"@id\":\"https:\/\/www.cafefranciscano.com.br\/site\/#website\"},\"primaryImageOfPage\":{\"@id\":\"https:\/\/www.cafefranciscano.com.br\/site\/product\/cafe-franciscano-vacuo-500g\/#primaryimage\"},\"image\":{\"@id\":\"https:\/\/www.cafefranciscano.com.br\/site\/product\/cafe-franciscano-vacuo-500g\/#primaryimage\"},\"thumbnailUrl\":\"https:\/\/www.cafefranciscano.com.br\/site\/wp-content\/uploads\/2025\/01\/3-Cafe-Franciscano-vacuo.jpeg\",\"datePublished\":\"2025-01-15T21:01:54+00:00\",\"dateModified\":\"2026-04-09T19:15:29+00:00\",\"description\":\"Na Ind\u00fastria de Caf\u00e9 Franciscano, tradi\u00e7\u00e3o e qualidade caminham juntas para levar at\u00e9 voc\u00ea um caf\u00e9 especial, feito a partir da combina\u00e7\u00e3o cuidadosa de gr\u00e3os ar\u00e1bica e conilon, que garantem sabor marcante, aroma envolvente e uma experi\u00eancia \u00fanica em cada x\u00edcara.\",\"breadcrumb\":{\"@id\":\"https:\/\/www.cafefranciscano.com.br\/site\/product\/cafe-franciscano-vacuo-500g\/#breadcrumb\"},\"inLanguage\":\"pt-BR\",\"potentialAction\":[{\"@type\":\"ReadAction\",\"target\":[\"https:\/\/www.cafefranciscano.com.br\/site\/product\/cafe-franciscano-vacuo-500g\/\"]}]},{\"@type\":\"ImageObject\",\"inLanguage\":\"pt-BR\",\"@id\":\"https:\/\/www.cafefranciscano.com.br\/site\/product\/cafe-franciscano-vacuo-500g\/#primaryimage\",\"url\":\"https:\/\/www.cafefranciscano.com.br\/site\/wp-content\/uploads\/2025\/01\/3-Cafe-Franciscano-vacuo.jpeg\",\"contentUrl\":\"https:\/\/www.cafefranciscano.com.br\/site\/wp-content\/uploads\/2025\/01\/3-Cafe-Franciscano-vacuo.jpeg\",\"width\":1080,\"height\":1080},{\"@type\":\"BreadcrumbList\",\"@id\":\"https:\/\/www.cafefranciscano.com.br\/site\/product\/cafe-franciscano-vacuo-500g\/#breadcrumb\",\"itemListElement\":[{\"@type\":\"ListItem\",\"position\":1,\"name\":\"Home\",\"item\":\"https:\/\/www.cafefranciscano.com.br\/site\/\"},{\"@type\":\"ListItem\",\"position\":2,\"name\":\"Produtos\",\"item\":\"https:\/\/www.cafefranciscano.com.br\/site\/loja\/\"},{\"@type\":\"ListItem\",\"position\":3,\"name\":\"Caf\u00e9 Franciscano V\u00e1cuo 500g\"}]},{\"@type\":\"WebSite\",\"@id\":\"https:\/\/www.cafefranciscano.com.br\/site\/#website\",\"url\":\"https:\/\/www.cafefranciscano.com.br\/site\/\",\"name\":\"Caf\u00e9 Franciscano\",\"description\":\"\",\"potentialAction\":[{\"@type\":\"SearchAction\",\"target\":{\"@type\":\"EntryPoint\",\"urlTemplate\":\"https:\/\/www.cafefranciscano.com.br\/site\/?s={search_term_string}\"},\"query-input\":\"required name=search_term_string\"}],\"inLanguage\":\"pt-BR\"}]}<\/script>\n<!-- \/ Yoast SEO plugin. -->","yoast_head_json":{"title":"Caf\u00e9 Franciscano V\u00e1cuo 500g - Caf\u00e9 Franciscano","description":"Na Ind\u00fastria de Caf\u00e9 Franciscano, tradi\u00e7\u00e3o e qualidade caminham juntas para levar at\u00e9 voc\u00ea um caf\u00e9 especial, feito a partir da combina\u00e7\u00e3o cuidadosa de gr\u00e3os ar\u00e1bica e conilon, que garantem sabor marcante, aroma envolvente e uma experi\u00eancia \u00fanica em cada x\u00edcara.","robots":{"index":"index","follow":"follow","max-snippet":"max-snippet:-1","max-image-preview":"max-image-preview:large","max-video-preview":"max-video-preview:-1"},"canonical":"https:\/\/www.cafefranciscano.com.br\/site\/product\/cafe-franciscano-vacuo-500g\/","og_locale":"pt_BR","og_type":"article","og_title":"Caf\u00e9 Franciscano V\u00e1cuo 500g - Caf\u00e9 Franciscano","og_description":"Na Ind\u00fastria de Caf\u00e9 Franciscano, tradi\u00e7\u00e3o e qualidade caminham juntas para levar at\u00e9 voc\u00ea um caf\u00e9 especial, feito a partir da combina\u00e7\u00e3o cuidadosa de gr\u00e3os ar\u00e1bica e conilon, que garantem sabor marcante, aroma envolvente e uma experi\u00eancia \u00fanica em cada x\u00edcara.","og_url":"https:\/\/www.cafefranciscano.com.br\/site\/product\/cafe-franciscano-vacuo-500g\/","og_site_name":"Caf\u00e9 Franciscano","article_modified_time":"2026-04-09T19:15:29+00:00","og_image":[{"width":1080,"height":1080,"url":"https:\/\/www.cafefranciscano.com.br\/site\/wp-content\/uploads\/2025\/01\/3-Cafe-Franciscano-vacuo.jpeg","type":"image\/jpeg"}],"twitter_card":"summary_large_image","twitter_misc":{"Est. tempo de leitura":"1 minuto"},"schema":{"@context":"https:\/\/schema.org","@graph":[{"@type":"WebPage","@id":"https:\/\/www.cafefranciscano.com.br\/site\/product\/cafe-franciscano-vacuo-500g\/","url":"https:\/\/www.cafefranciscano.com.br\/site\/product\/cafe-franciscano-vacuo-500g\/","name":"Caf\u00e9 Franciscano V\u00e1cuo 500g - Caf\u00e9 Franciscano","isPartOf":{"@id":"https:\/\/www.cafefranciscano.com.br\/site\/#website"},"primaryImageOfPage":{"@id":"https:\/\/www.cafefranciscano.com.br\/site\/product\/cafe-franciscano-vacuo-500g\/#primaryimage"},"image":{"@id":"https:\/\/www.cafefranciscano.com.br\/site\/product\/cafe-franciscano-vacuo-500g\/#primaryimage"},"thumbnailUrl":"https:\/\/www.cafefranciscano.com.br\/site\/wp-content\/uploads\/2025\/01\/3-Cafe-Franciscano-vacuo.jpeg","datePublished":"2025-01-15T21:01:54+00:00","dateModified":"2026-04-09T19:15:29+00:00","description":"Na Ind\u00fastria de Caf\u00e9 Franciscano, tradi\u00e7\u00e3o e qualidade caminham juntas para levar at\u00e9 voc\u00ea um caf\u00e9 especial, feito a partir da combina\u00e7\u00e3o cuidadosa de gr\u00e3os ar\u00e1bica e conilon, que garantem sabor marcante, aroma envolvente e uma experi\u00eancia \u00fanica em cada x\u00edcara.","breadcrumb":{"@id":"https:\/\/www.cafefranciscano.com.br\/site\/product\/cafe-franciscano-vacuo-500g\/#breadcrumb"},"inLanguage":"pt-BR","potentialAction":[{"@type":"ReadAction","target":["https:\/\/www.cafefranciscano.com.br\/site\/product\/cafe-franciscano-vacuo-500g\/"]}]},{"@type":"ImageObject","inLanguage":"pt-BR","@id":"https:\/\/www.cafefranciscano.com.br\/site\/product\/cafe-franciscano-vacuo-500g\/#primaryimage","url":"https:\/\/www.cafefranciscano.com.br\/site\/wp-content\/uploads\/2025\/01\/3-Cafe-Franciscano-vacuo.jpeg","contentUrl":"https:\/\/www.cafefranciscano.com.br\/site\/wp-content\/uploads\/2025\/01\/3-Cafe-Franciscano-vacuo.jpeg","width":1080,"height":1080},{"@type":"BreadcrumbList","@id":"https:\/\/www.cafefranciscano.com.br\/site\/product\/cafe-franciscano-vacuo-500g\/#breadcrumb","itemListElement":[{"@type":"ListItem","position":1,"name":"Home","item":"https:\/\/www.cafefranciscano.com.br\/site\/"},{"@type":"ListItem","position":2,"name":"Produtos","item":"https:\/\/www.cafefranciscano.com.br\/site\/loja\/"},{"@type":"ListItem","position":3,"name":"Caf\u00e9 Franciscano V\u00e1cuo 500g"}]},{"@type":"WebSite","@id":"https:\/\/www.cafefranciscano.com.br\/site\/#website","url":"https:\/\/www.cafefranciscano.com.br\/site\/","name":"Caf\u00e9 Franciscano","description":"","potentialAction":[{"@type":"SearchAction","target":{"@type":"EntryPoint","urlTemplate":"https:\/\/www.cafefranciscano.com.br\/site\/?s={search_term_string}"},"query-input":"required name=search_term_string"}],"inLanguage":"pt-BR"}]}},"_links":{"self":[{"href":"https:\/\/www.cafefranciscano.com.br\/site\/wp-json\/wp\/v2\/product\/10162","targetHints":{"allow":["GET"]}}],"collection":[{"href":"https:\/\/www.cafefranciscano.com.br\/site\/wp-json\/wp\/v2\/product"}],"about":[{"href":"https:\/\/www.cafefranciscano.com.br\/site\/wp-json\/wp\/v2\/types\/product"}],"replies":[{"embeddable":true,"href":"https:\/\/www.cafefranciscano.com.br\/site\/wp-json\/wp\/v2\/comments?post=10162"}],"wp:featuredmedia":[{"embeddable":true,"href":"https:\/\/www.cafefranciscano.com.br\/site\/wp-json\/wp\/v2\/media\/10163"}],"wp:attachment":[{"href":"https:\/\/www.cafefranciscano.com.br\/site\/wp-json\/wp\/v2\/media?parent=10162"}],"wp:term":[{"taxonomy":"product_brand","embeddable":true,"href":"https:\/\/www.cafefranciscano.com.br\/site\/wp-json\/wp\/v2\/product_brand?post=10162"},{"taxonomy":"product_cat","embeddable":true,"href":"https:\/\/www.cafefranciscano.com.br\/site\/wp-json\/wp\/v2\/product_cat?post=10162"},{"taxonomy":"product_tag","embeddable":true,"href":"https:\/\/www.cafefranciscano.com.br\/site\/wp-json\/wp\/v2\/product_tag?post=10162"}],"curies":[{"name":"wp","href":"https:\/\/api.w.org\/{rel}","templated":true}]}}